{"id":501,"date":"2020-12-28T10:07:02","date_gmt":"2020-12-28T13:07:02","guid":{"rendered":"https:\/\/www.ircadamericalatina.com.br\/barretos\/ircad-barretos\/"},"modified":"2020-12-28T13:32:19","modified_gmt":"2020-12-28T16:32:19","slug":"ircad-barretos","status":"publish","type":"page","link":"https:\/\/www.ircadamericalatina.com.br\/barretos\/ircad-barretos\/?lang=es","title":{"rendered":"Ircad Barretos"},"content":{"rendered":"\n<h2>\n\t\tEL IRCAD OFRECE\n\t<\/h2>\n\t<p>\u2022 Auditores con proyectores 4K y Full HD, micr\u00f3fonos, sistema de traducci\u00f3n simult\u00e1nea en 3 idiomas y sistema de votaci\u00f3n simult\u00e1nea.<\/p>\n<p>\u2022 Salas para hasta 50 personas.<\/p>\n<p>\u2022 Servicios de transmisi\u00f3n, grabaci\u00f3n y edici\u00f3n de contenido, soporte de equipo audiovisual y wi-fi.<\/p>\n<h2>\n\t\tLABORATORIOS<br \/>EXPERIMENTALES\n\t<\/h2>\n\t<p>El IRCAD ofrece lo que hay de m\u00e1s contempor\u00e1neo en el mercado global de la videocirug\u00eda:<\/p>\n<p>\u2022 20 Estaciones Experimentales Completas + Sala Inteligente OR1;<\/p>\n<p>\u2022 Modelos para Entrenamiento en Cirug\u00edas Minimamente Invasivas: Tejido Vivo | Ex-Vivo; &#8211; Esp\u00e9cime Cadav\u00e9rica; Modelos Pl\u00e1sticos.<\/p>\n\u2022 Simuladores.<br \/>\nConsulte nuestras condiciones para presentaciones de proyectos cient\u00edficos.\n<h2>\n\t\tREFECTORIOS\n\t<\/h2>\n\t<p>El IRCAD Am\u00e9rica Latina tiene espacio para alimentaci\u00f3n con capacidad para 150 personas y buffet completo con est\u00e1ndar internacional para coffee breaks, almuerzos, cocteles y cenas. Solicite nuestras opciones de men\u00fa.<\/p>\n<h2>\n\t\tRELLENE EL FORMULARIO Y ESPERE A NUESTRO CONTACTO\n\t<\/h2>\n\t\n<div class=\"wpcf7 no-js\" id=\"wpcf7-f8-o1\" lang=\"pt-BR\" dir=\"ltr\">\n<div class=\"screen-reader-response\"><p role=\"status\" aria-live=\"polite\" aria-atomic=\"true\"><\/p> <ul><\/ul><\/div>\n<form action=\"\/barretos\/wp-json\/wp\/v2\/pages\/501#wpcf7-f8-o1\" method=\"post\" class=\"wpcf7-form init\" aria-label=\"Formul\u00e1rios de contato\" novalidate=\"novalidate\" data-status=\"init\">\n<div style=\"display: none;\">\n<input type=\"hidden\" name=\"_wpcf7\" value=\"8\" \/>\n<input type=\"hidden\" name=\"_wpcf7_version\" value=\"5.7.3\" \/>\n<input type=\"hidden\" name=\"_wpcf7_locale\" value=\"pt_BR\" \/>\n<input type=\"hidden\" name=\"_wpcf7_unit_tag\" value=\"wpcf7-f8-o1\" \/>\n<input type=\"hidden\" name=\"_wpcf7_container_post\" value=\"0\" \/>\n<input type=\"hidden\" name=\"_wpcf7_posted_data_hash\" value=\"\" \/>\n<\/div>\n<p><span class=\"wpcf7-form-control-wrap\" data-name=\"nome\"><input size=\"40\" class=\"wpcf7-form-control wpcf7-text wpcf7-validates-as-required form-control campo-interna\" aria-required=\"true\" aria-invalid=\"false\" placeholder=\"Nome\" value=\"\" type=\"text\" name=\"nome\" \/><\/span>\n<\/p>\n<p><span class=\"wpcf7-form-control-wrap\" data-name=\"email\"><input size=\"40\" class=\"wpcf7-form-control wpcf7-text wpcf7-email wpcf7-validates-as-required wpcf7-validates-as-email form-control campo-interna\" aria-required=\"true\" aria-invalid=\"false\" placeholder=\"E-mail\" value=\"\" type=\"email\" name=\"email\" \/><\/span>\n<\/p>\n<p><span class=\"wpcf7-form-control-wrap\" data-name=\"numero\"><input size=\"40\" class=\"wpcf7-form-control wpcf7-text wpcf7-validates-as-required form-control campo-interna\" aria-required=\"true\" aria-invalid=\"false\" placeholder=\"N\u00famero esperado de participantes\" value=\"\" type=\"text\" name=\"numero\" \/><\/span>\n<\/p>\n<p><span class=\"wpcf7-form-control-wrap\" data-name=\"descricao\"><textarea cols=\"40\" rows=\"10\" class=\"wpcf7-form-control wpcf7-textarea form-control campo-interna\" aria-invalid=\"false\" placeholder=\"Descri\u00e7\u00e3o do Evento\" name=\"descricao\"><\/textarea><\/span>\n<\/p>\n<p class=\"text-right btn-enviar\"><input class=\"wpcf7-form-control has-spinner wpcf7-submit\" type=\"submit\" value=\"Enviar\" \/>\n<\/p><div class=\"wpcf7-response-output\" aria-hidden=\"true\"><\/div>\n<\/form>\n<\/div>\n\n\n","protected":false},"excerpt":{"rendered":"<p>EL IRCAD OFRECE \u2022 Auditores con proyectores 4K y Full HD, micr\u00f3fonos, sistema de traducci\u00f3n simult\u00e1nea en 3 idiomas y sistema de votaci\u00f3n simult\u00e1nea. \u2022 Salas para hasta 50 personas. \u2022 Servicios de transmisi\u00f3n, grabaci\u00f3n y edici\u00f3n de contenido, soporte de equipo audiovisual y wi-fi. LABORATORIOSEXPERIMENTALES El IRCAD ofrece lo que hay de m\u00e1s contempor\u00e1neo&hellip;<\/p>\n","protected":false},"author":1,"featured_media":0,"parent":0,"menu_order":0,"comment_status":"closed","ping_status":"closed","template":"","meta":{"footnotes":""},"class_list":["post-501","page","type-page","status-publish","hentry"],"acf":[],"yoast_head":"<!-- This site is optimized with the Yoast SEO plugin v21.5 - https:\/\/yoast.com\/wordpress\/plugins\/seo\/ -->\n<title>Ircad Barretos - IRCAD Am\u00e9rica Latina - Unidade Barretos<\/title>\n<meta name=\"robots\" content=\"index, follow, max-snippet:-1, max-image-preview:large, max-video-preview:-1\" \/>\n<link rel=\"canonical\" href=\"https:\/\/www.ircadamericalatina.com.br\/barretos\/ircad-barretos\/\" \/>\n<meta property=\"og:locale\" content=\"pt_BR\" \/>\n<meta property=\"og:type\" content=\"article\" \/>\n<meta property=\"og:title\" content=\"Ircad Barretos - IRCAD Am\u00e9rica Latina - Unidade Barretos\" \/>\n<meta property=\"og:description\" content=\"EL IRCAD OFRECE \u2022 Auditores con proyectores 4K y Full HD, micr\u00f3fonos, sistema de traducci\u00f3n simult\u00e1nea en 3 idiomas y sistema de votaci\u00f3n simult\u00e1nea. \u2022 Salas para hasta 50 personas. \u2022 Servicios de transmisi\u00f3n, grabaci\u00f3n y edici\u00f3n de contenido, soporte de equipo audiovisual y wi-fi. LABORATORIOSEXPERIMENTALES El IRCAD ofrece lo que hay de m\u00e1s contempor\u00e1neo&hellip;\" \/>\n<meta property=\"og:url\" content=\"https:\/\/www.ircadamericalatina.com.br\/barretos\/ircad-barretos\/?lang=es\" \/>\n<meta property=\"og:site_name\" content=\"IRCAD Am\u00e9rica Latina - Unidade Barretos\" \/>\n<meta property=\"article:modified_time\" content=\"2020-12-28T16:32:19+00:00\" \/>\n<meta property=\"og:image\" content=\"https:\/\/www.ircadamericalatina.com.br\/barretos\/wp-content\/uploads\/2022\/04\/image-4.png\" \/>\n\t<meta property=\"og:image:width\" content=\"1280\" \/>\n\t<meta property=\"og:image:height\" content=\"567\" \/>\n\t<meta property=\"og:image:type\" content=\"image\/png\" \/>\n<meta name=\"twitter:card\" content=\"summary_large_image\" \/>\n<meta name=\"twitter:label1\" content=\"Est. tempo de leitura\" \/>\n\t<meta name=\"twitter:data1\" content=\"1 minuto\" \/>\n<script type=\"application\/ld+json\" class=\"yoast-schema-graph\">{\"@context\":\"https:\/\/schema.org\",\"@graph\":[{\"@type\":\"WebPage\",\"@id\":\"https:\/\/www.ircadamericalatina.com.br\/barretos\/ircad-barretos\/?lang=es\",\"url\":\"https:\/\/www.ircadamericalatina.com.br\/barretos\/ircad-barretos\/?lang=es\",\"name\":\"Ircad Barretos - IRCAD Am\u00e9rica Latina - Unidade Barretos\",\"isPartOf\":{\"@id\":\"https:\/\/www.ircadamericalatina.com.br\/barretos\/?lang=es\/#website\"},\"datePublished\":\"2020-12-28T13:07:02+00:00\",\"dateModified\":\"2020-12-28T16:32:19+00:00\",\"breadcrumb\":{\"@id\":\"https:\/\/www.ircadamericalatina.com.br\/barretos\/ircad-barretos\/?lang=es#breadcrumb\"},\"inLanguage\":\"pt-BR\",\"potentialAction\":[{\"@type\":\"ReadAction\",\"target\":[\"https:\/\/www.ircadamericalatina.com.br\/barretos\/ircad-barretos\/?lang=es\"]}]},{\"@type\":\"BreadcrumbList\",\"@id\":\"https:\/\/www.ircadamericalatina.com.br\/barretos\/ircad-barretos\/?lang=es#breadcrumb\",\"itemListElement\":[{\"@type\":\"ListItem\",\"position\":1,\"name\":\"In\u00edcio\",\"item\":\"https:\/\/www.ircadamericalatina.com.br\/barretos\/\"},{\"@type\":\"ListItem\",\"position\":2,\"name\":\"Ircad Barretos\"}]},{\"@type\":\"WebSite\",\"@id\":\"https:\/\/www.ircadamericalatina.com.br\/barretos\/?lang=es\/#website\",\"url\":\"https:\/\/www.ircadamericalatina.com.br\/barretos\/?lang=es\/\",\"name\":\"IRCAD Am\u00e9rica Latina - Unidade Barretos\",\"description\":\"\",\"publisher\":{\"@id\":\"https:\/\/www.ircadamericalatina.com.br\/barretos\/?lang=es\/#organization\"},\"potentialAction\":[{\"@type\":\"SearchAction\",\"target\":{\"@type\":\"EntryPoint\",\"urlTemplate\":\"https:\/\/www.ircadamericalatina.com.br\/barretos\/?lang=es\/?s={search_term_string}\"},\"query-input\":\"required name=search_term_string\"}],\"inLanguage\":\"pt-BR\"},{\"@type\":\"Organization\",\"@id\":\"https:\/\/www.ircadamericalatina.com.br\/barretos\/?lang=es\/#organization\",\"name\":\"IRCAD Am\u00e9rica Latina - Unidade Barretos\",\"url\":\"https:\/\/www.ircadamericalatina.com.br\/barretos\/?lang=es\/\",\"logo\":{\"@type\":\"ImageObject\",\"inLanguage\":\"pt-BR\",\"@id\":\"https:\/\/www.ircadamericalatina.com.br\/barretos\/?lang=es\/#\/schema\/logo\/image\/\",\"url\":\"https:\/\/www.ircadamericalatina.com.br\/barretos\/wp-content\/uploads\/2022\/04\/image-4.png\",\"contentUrl\":\"https:\/\/www.ircadamericalatina.com.br\/barretos\/wp-content\/uploads\/2022\/04\/image-4.png\",\"width\":1280,\"height\":567,\"caption\":\"IRCAD Am\u00e9rica Latina - Unidade Barretos\"},\"image\":{\"@id\":\"https:\/\/www.ircadamericalatina.com.br\/barretos\/?lang=es\/#\/schema\/logo\/image\/\"}}]}<\/script>\n<!-- \/ Yoast SEO plugin. -->","yoast_head_json":{"title":"Ircad Barretos - IRCAD Am\u00e9rica Latina - Unidade Barretos","robots":{"index":"index","follow":"follow","max-snippet":"max-snippet:-1","max-image-preview":"max-image-preview:large","max-video-preview":"max-video-preview:-1"},"canonical":"https:\/\/www.ircadamericalatina.com.br\/barretos\/ircad-barretos\/","og_locale":"pt_BR","og_type":"article","og_title":"Ircad Barretos - IRCAD Am\u00e9rica Latina - Unidade Barretos","og_description":"EL IRCAD OFRECE \u2022 Auditores con proyectores 4K y Full HD, micr\u00f3fonos, sistema de traducci\u00f3n simult\u00e1nea en 3 idiomas y sistema de votaci\u00f3n simult\u00e1nea. \u2022 Salas para hasta 50 personas. \u2022 Servicios de transmisi\u00f3n, grabaci\u00f3n y edici\u00f3n de contenido, soporte de equipo audiovisual y wi-fi. LABORATORIOSEXPERIMENTALES El IRCAD ofrece lo que hay de m\u00e1s contempor\u00e1neo&hellip;","og_url":"https:\/\/www.ircadamericalatina.com.br\/barretos\/ircad-barretos\/?lang=es","og_site_name":"IRCAD Am\u00e9rica Latina - Unidade Barretos","article_modified_time":"2020-12-28T16:32:19+00:00","og_image":[{"width":1280,"height":567,"url":"https:\/\/www.ircadamericalatina.com.br\/barretos\/wp-content\/uploads\/2022\/04\/image-4.png","type":"image\/png"}],"twitter_card":"summary_large_image","twitter_misc":{"Est. tempo de leitura":"1 minuto"},"schema":{"@context":"https:\/\/schema.org","@graph":[{"@type":"WebPage","@id":"https:\/\/www.ircadamericalatina.com.br\/barretos\/ircad-barretos\/?lang=es","url":"https:\/\/www.ircadamericalatina.com.br\/barretos\/ircad-barretos\/?lang=es","name":"Ircad Barretos - IRCAD Am\u00e9rica Latina - Unidade Barretos","isPartOf":{"@id":"https:\/\/www.ircadamericalatina.com.br\/barretos\/?lang=es\/#website"},"datePublished":"2020-12-28T13:07:02+00:00","dateModified":"2020-12-28T16:32:19+00:00","breadcrumb":{"@id":"https:\/\/www.ircadamericalatina.com.br\/barretos\/ircad-barretos\/?lang=es#breadcrumb"},"inLanguage":"pt-BR","potentialAction":[{"@type":"ReadAction","target":["https:\/\/www.ircadamericalatina.com.br\/barretos\/ircad-barretos\/?lang=es"]}]},{"@type":"BreadcrumbList","@id":"https:\/\/www.ircadamericalatina.com.br\/barretos\/ircad-barretos\/?lang=es#breadcrumb","itemListElement":[{"@type":"ListItem","position":1,"name":"In\u00edcio","item":"https:\/\/www.ircadamericalatina.com.br\/barretos\/"},{"@type":"ListItem","position":2,"name":"Ircad Barretos"}]},{"@type":"WebSite","@id":"https:\/\/www.ircadamericalatina.com.br\/barretos\/?lang=es\/#website","url":"https:\/\/www.ircadamericalatina.com.br\/barretos\/?lang=es\/","name":"IRCAD Am\u00e9rica Latina - Unidade Barretos","description":"","publisher":{"@id":"https:\/\/www.ircadamericalatina.com.br\/barretos\/?lang=es\/#organization"},"potentialAction":[{"@type":"SearchAction","target":{"@type":"EntryPoint","urlTemplate":"https:\/\/www.ircadamericalatina.com.br\/barretos\/?lang=es\/?s={search_term_string}"},"query-input":"required name=search_term_string"}],"inLanguage":"pt-BR"},{"@type":"Organization","@id":"https:\/\/www.ircadamericalatina.com.br\/barretos\/?lang=es\/#organization","name":"IRCAD Am\u00e9rica Latina - Unidade Barretos","url":"https:\/\/www.ircadamericalatina.com.br\/barretos\/?lang=es\/","logo":{"@type":"ImageObject","inLanguage":"pt-BR","@id":"https:\/\/www.ircadamericalatina.com.br\/barretos\/?lang=es\/#\/schema\/logo\/image\/","url":"https:\/\/www.ircadamericalatina.com.br\/barretos\/wp-content\/uploads\/2022\/04\/image-4.png","contentUrl":"https:\/\/www.ircadamericalatina.com.br\/barretos\/wp-content\/uploads\/2022\/04\/image-4.png","width":1280,"height":567,"caption":"IRCAD Am\u00e9rica Latina - Unidade Barretos"},"image":{"@id":"https:\/\/www.ircadamericalatina.com.br\/barretos\/?lang=es\/#\/schema\/logo\/image\/"}}]}},"_links":{"self":[{"href":"https:\/\/www.ircadamericalatina.com.br\/barretos\/wp-json\/wp\/v2\/pages\/501","targetHints":{"allow":["GET"]}}],"collection":[{"href":"https:\/\/www.ircadamericalatina.com.br\/barretos\/wp-json\/wp\/v2\/pages"}],"about":[{"href":"https:\/\/www.ircadamericalatina.com.br\/barretos\/wp-json\/wp\/v2\/types\/page"}],"author":[{"embeddable":true,"href":"https:\/\/www.ircadamericalatina.com.br\/barretos\/wp-json\/wp\/v2\/users\/1"}],"replies":[{"embeddable":true,"href":"https:\/\/www.ircadamericalatina.com.br\/barretos\/wp-json\/wp\/v2\/comments?post=501"}],"version-history":[{"count":3,"href":"https:\/\/www.ircadamericalatina.com.br\/barretos\/wp-json\/wp\/v2\/pages\/501\/revisions"}],"predecessor-version":[{"id":525,"href":"https:\/\/www.ircadamericalatina.com.br\/barretos\/wp-json\/wp\/v2\/pages\/501\/revisions\/525"}],"wp:attachment":[{"href":"https:\/\/www.ircadamericalatina.com.br\/barretos\/wp-json\/wp\/v2\/media?parent=501"}],"curies":[{"name":"wp","href":"https:\/\/api.w.org\/{rel}","templated":true}]}}