{"id":442,"date":"2020-12-28T09:09:44","date_gmt":"2020-12-28T12:09:44","guid":{"rendered":"https:\/\/www.ircadamericalatina.com.br\/barretos\/?page_id=442"},"modified":"2024-02-12T08:00:52","modified_gmt":"2024-02-12T11:00:52","slug":"ircast","status":"publish","type":"page","link":"https:\/\/www.ircadamericalatina.com.br\/barretos\/ircast\/","title":{"rendered":"Ircast"},"content":{"rendered":"\r\n<h1>IRCAST<\/h1>\r\n<p><img loading=\"lazy\" decoding=\"async\" title=\"ircast-300x300\" src=\"https:\/\/www.ircadamericalatina.com.br\/barretos\/wp-content\/uploads\/2020\/12\/ircast-300x300-1.jpg\" alt=\"ircast-300x300\" width=\"300\" height=\"300\" \/><\/p>\r\n<p>Os melhores experts em cirurgia minimamente invasiva em conversas com muito conte\u00fado, trazendo temas de dentro e fora do centro cir\u00fargico.<\/p>\r\n<p>Dispon\u00edveis nas plataformas de streaming:<\/p>\r\n<p><a class=\"fancybox\" href=\"https:\/\/open.spotify.com\/show\/6gO11elY8kVAgAZbCfWVox?si=7msS337WSPmyNwaqxiVmzA\" target=\"_blank\" rel=\"noopener\"> <img loading=\"lazy\" decoding=\"async\" title=\"ico-spotify\" src=\"https:\/\/www.ircadamericalatina.com.br\/barretos\/wp-content\/uploads\/2020\/12\/ico-spotify.png\" alt=\"ico-spotify\" width=\"450\" height=\"136\" \/> <\/a> <a class=\"fancybox\" href=\"https:\/\/www.deezer.com\/br\/show\/1627422\" target=\"_blank\" rel=\"noopener\"> <img loading=\"lazy\" decoding=\"async\" title=\"ico-deezer\" src=\"https:\/\/www.ircadamericalatina.com.br\/barretos\/wp-content\/uploads\/2020\/12\/ico-deezer.png\" alt=\"ico-deezer\" width=\"450\" height=\"88\" \/> <\/a> <a class=\"fancybox\" href=\"https:\/\/podcasts.google.com\/feed\/aHR0cDovL2F1ZGlvYm9vbS5jb20vcG9zdHMvZXZlcnlvbmUucnNz\/episode\/dGFnOmF1ZGlvYm9vbS5jb20sMjAyMC0wOC0xMjovcG9zdHMvNzY1NjYzOA\" target=\"_blank\" rel=\"noopener\"> <img loading=\"lazy\" decoding=\"async\" title=\"ico-google\" src=\"https:\/\/www.ircadamericalatina.com.br\/barretos\/wp-content\/uploads\/2020\/12\/ico-google.png\" alt=\"ico-google\" width=\"450\" height=\"64\" \/> <\/a><\/p>\r\n<p>&#8211; Google Podcast dispon\u00edvel apenas no APP mobile &#8211;<\/p>\r\n<p><a class=\"fancybox\" href=\"https:\/\/podcasts.apple.com\/br\/podcast\/ircast\/id1527569800?l=en\" target=\"_blank\" rel=\"noopener\"> <img loading=\"lazy\" decoding=\"async\" title=\"ico-apple\" src=\"https:\/\/www.ircadamericalatina.com.br\/barretos\/wp-content\/uploads\/layerslider\/Banner-Home-Portugues\/ico-apple.png\" alt=\"ico-apple\" width=\"475\" height=\"102\" \/> <\/a> <strong>Podchaser<\/strong>:\u00a0<a id=\"LPNoLPOWALinkPreview_0\" href=\"https:\/\/www.podchaser.com\/podcasts\/ircast-1385330\" target=\"_blank\" rel=\"noopener noreferrer\">https:\/\/www.podchaser.com\/podcasts\/ircast-1385330<\/a> <strong>Podcast Addict<\/strong>:\u00a0<a id=\"LPlnk518975\" href=\"https:\/\/podcastaddict.com\/podcast\/3070198\" target=\"_blank\" rel=\"noopener noreferrer\">https:\/\/podcastaddict.com\/podcast\/3070198<\/a> <strong>Radio Public<\/strong>:\u00a0<a id=\"LPlnk923079\" href=\"https:\/\/radiopublic.com\/ircast-WxL5Aq\" target=\"_blank\" rel=\"noopener noreferrer\">https:\/\/radiopublic.com\/ircast-WxL5Aq<\/a><\/p>\r\n","protected":false},"excerpt":{"rendered":"<p>IRCAST Os melhores experts em cirurgia minimamente invasiva em conversas com muito conte\u00fado, trazendo temas de dentro e fora do centro cir\u00fargico. Dispon\u00edveis nas plataformas de streaming: &#8211; Google Podcast dispon\u00edvel apenas no APP mobile &#8211; Podchaser:\u00a0https:\/\/www.podchaser.com\/podcasts\/ircast-1385330 Podcast Addict:\u00a0https:\/\/podcastaddict.com\/podcast\/3070198 Radio Public:\u00a0https:\/\/radiopublic.com\/ircast-WxL5Aq<\/p>\n","protected":false},"author":1,"featured_media":0,"parent":0,"menu_order":0,"comment_status":"closed","ping_status":"closed","template":"","meta":{"footnotes":""},"class_list":["post-442","page","type-page","status-publish","hentry"],"acf":[],"yoast_head":"<!-- This site is optimized with the Yoast SEO plugin v21.5 - https:\/\/yoast.com\/wordpress\/plugins\/seo\/ -->\n<title>Ircast - IRCAD Am\u00e9rica Latina - Unidade Barretos<\/title>\n<meta name=\"robots\" content=\"index, follow, max-snippet:-1, max-image-preview:large, max-video-preview:-1\" \/>\n<link rel=\"canonical\" href=\"https:\/\/www.ircadamericalatina.com.br\/barretos\/ircast\/\" \/>\n<meta property=\"og:locale\" content=\"pt_BR\" \/>\n<meta property=\"og:type\" content=\"article\" \/>\n<meta property=\"og:title\" content=\"Ircast - IRCAD Am\u00e9rica Latina - Unidade Barretos\" \/>\n<meta property=\"og:description\" content=\"IRCAST Os melhores experts em cirurgia minimamente invasiva em conversas com muito conte\u00fado, trazendo temas de dentro e fora do centro cir\u00fargico. Dispon\u00edveis nas plataformas de streaming: &#8211; Google Podcast dispon\u00edvel apenas no APP mobile &#8211; Podchaser:\u00a0https:\/\/www.podchaser.com\/podcasts\/ircast-1385330 Podcast Addict:\u00a0https:\/\/podcastaddict.com\/podcast\/3070198 Radio Public:\u00a0https:\/\/radiopublic.com\/ircast-WxL5Aq\" \/>\n<meta property=\"og:url\" content=\"https:\/\/www.ircadamericalatina.com.br\/barretos\/ircast\/\" \/>\n<meta property=\"og:site_name\" content=\"IRCAD Am\u00e9rica Latina - Unidade Barretos\" \/>\n<meta property=\"article:modified_time\" content=\"2024-02-12T11:00:52+00:00\" \/>\n<meta property=\"og:image\" content=\"https:\/\/www.ircadamericalatina.com.br\/barretos\/wp-content\/uploads\/2020\/12\/ircast-300x300-1.jpg\" \/>\n<meta name=\"twitter:card\" content=\"summary_large_image\" \/>\n<meta name=\"twitter:label1\" content=\"Est. tempo de leitura\" \/>\n\t<meta name=\"twitter:data1\" content=\"2 minutos\" \/>\n<script type=\"application\/ld+json\" class=\"yoast-schema-graph\">{\"@context\":\"https:\/\/schema.org\",\"@graph\":[{\"@type\":\"WebPage\",\"@id\":\"https:\/\/www.ircadamericalatina.com.br\/barretos\/ircast\/\",\"url\":\"https:\/\/www.ircadamericalatina.com.br\/barretos\/ircast\/\",\"name\":\"Ircast - IRCAD Am\u00e9rica Latina - Unidade Barretos\",\"isPartOf\":{\"@id\":\"https:\/\/www.ircadamericalatina.com.br\/barretos\/?lang=es\/#website\"},\"datePublished\":\"2020-12-28T12:09:44+00:00\",\"dateModified\":\"2024-02-12T11:00:52+00:00\",\"breadcrumb\":{\"@id\":\"https:\/\/www.ircadamericalatina.com.br\/barretos\/ircast\/#breadcrumb\"},\"inLanguage\":\"pt-BR\",\"potentialAction\":[{\"@type\":\"ReadAction\",\"target\":[\"https:\/\/www.ircadamericalatina.com.br\/barretos\/ircast\/\"]}]},{\"@type\":\"BreadcrumbList\",\"@id\":\"https:\/\/www.ircadamericalatina.com.br\/barretos\/ircast\/#breadcrumb\",\"itemListElement\":[{\"@type\":\"ListItem\",\"position\":1,\"name\":\"In\u00edcio\",\"item\":\"https:\/\/www.ircadamericalatina.com.br\/barretos\/\"},{\"@type\":\"ListItem\",\"position\":2,\"name\":\"Ircast\"}]},{\"@type\":\"WebSite\",\"@id\":\"https:\/\/www.ircadamericalatina.com.br\/barretos\/?lang=es\/#website\",\"url\":\"https:\/\/www.ircadamericalatina.com.br\/barretos\/?lang=es\/\",\"name\":\"IRCAD Am\u00e9rica Latina - Unidade Barretos\",\"description\":\"\",\"publisher\":{\"@id\":\"https:\/\/www.ircadamericalatina.com.br\/barretos\/?lang=es\/#organization\"},\"potentialAction\":[{\"@type\":\"SearchAction\",\"target\":{\"@type\":\"EntryPoint\",\"urlTemplate\":\"https:\/\/www.ircadamericalatina.com.br\/barretos\/?lang=es\/?s={search_term_string}\"},\"query-input\":\"required name=search_term_string\"}],\"inLanguage\":\"pt-BR\"},{\"@type\":\"Organization\",\"@id\":\"https:\/\/www.ircadamericalatina.com.br\/barretos\/?lang=es\/#organization\",\"name\":\"IRCAD Am\u00e9rica Latina - Unidade Barretos\",\"url\":\"https:\/\/www.ircadamericalatina.com.br\/barretos\/?lang=es\/\",\"logo\":{\"@type\":\"ImageObject\",\"inLanguage\":\"pt-BR\",\"@id\":\"https:\/\/www.ircadamericalatina.com.br\/barretos\/?lang=es\/#\/schema\/logo\/image\/\",\"url\":\"https:\/\/www.ircadamericalatina.com.br\/barretos\/wp-content\/uploads\/2022\/04\/image-4.png\",\"contentUrl\":\"https:\/\/www.ircadamericalatina.com.br\/barretos\/wp-content\/uploads\/2022\/04\/image-4.png\",\"width\":1280,\"height\":567,\"caption\":\"IRCAD Am\u00e9rica Latina - Unidade Barretos\"},\"image\":{\"@id\":\"https:\/\/www.ircadamericalatina.com.br\/barretos\/?lang=es\/#\/schema\/logo\/image\/\"}}]}<\/script>\n<!-- \/ Yoast SEO plugin. -->","yoast_head_json":{"title":"Ircast - IRCAD Am\u00e9rica Latina - Unidade Barretos","robots":{"index":"index","follow":"follow","max-snippet":"max-snippet:-1","max-image-preview":"max-image-preview:large","max-video-preview":"max-video-preview:-1"},"canonical":"https:\/\/www.ircadamericalatina.com.br\/barretos\/ircast\/","og_locale":"pt_BR","og_type":"article","og_title":"Ircast - IRCAD Am\u00e9rica Latina - Unidade Barretos","og_description":"IRCAST Os melhores experts em cirurgia minimamente invasiva em conversas com muito conte\u00fado, trazendo temas de dentro e fora do centro cir\u00fargico. Dispon\u00edveis nas plataformas de streaming: &#8211; Google Podcast dispon\u00edvel apenas no APP mobile &#8211; Podchaser:\u00a0https:\/\/www.podchaser.com\/podcasts\/ircast-1385330 Podcast Addict:\u00a0https:\/\/podcastaddict.com\/podcast\/3070198 Radio Public:\u00a0https:\/\/radiopublic.com\/ircast-WxL5Aq","og_url":"https:\/\/www.ircadamericalatina.com.br\/barretos\/ircast\/","og_site_name":"IRCAD Am\u00e9rica Latina - Unidade Barretos","article_modified_time":"2024-02-12T11:00:52+00:00","og_image":[{"url":"https:\/\/www.ircadamericalatina.com.br\/barretos\/wp-content\/uploads\/2020\/12\/ircast-300x300-1.jpg"}],"twitter_card":"summary_large_image","twitter_misc":{"Est. tempo de leitura":"2 minutos"},"schema":{"@context":"https:\/\/schema.org","@graph":[{"@type":"WebPage","@id":"https:\/\/www.ircadamericalatina.com.br\/barretos\/ircast\/","url":"https:\/\/www.ircadamericalatina.com.br\/barretos\/ircast\/","name":"Ircast - IRCAD Am\u00e9rica Latina - Unidade Barretos","isPartOf":{"@id":"https:\/\/www.ircadamericalatina.com.br\/barretos\/?lang=es\/#website"},"datePublished":"2020-12-28T12:09:44+00:00","dateModified":"2024-02-12T11:00:52+00:00","breadcrumb":{"@id":"https:\/\/www.ircadamericalatina.com.br\/barretos\/ircast\/#breadcrumb"},"inLanguage":"pt-BR","potentialAction":[{"@type":"ReadAction","target":["https:\/\/www.ircadamericalatina.com.br\/barretos\/ircast\/"]}]},{"@type":"BreadcrumbList","@id":"https:\/\/www.ircadamericalatina.com.br\/barretos\/ircast\/#breadcrumb","itemListElement":[{"@type":"ListItem","position":1,"name":"In\u00edcio","item":"https:\/\/www.ircadamericalatina.com.br\/barretos\/"},{"@type":"ListItem","position":2,"name":"Ircast"}]},{"@type":"WebSite","@id":"https:\/\/www.ircadamericalatina.com.br\/barretos\/?lang=es\/#website","url":"https:\/\/www.ircadamericalatina.com.br\/barretos\/?lang=es\/","name":"IRCAD Am\u00e9rica Latina - Unidade Barretos","description":"","publisher":{"@id":"https:\/\/www.ircadamericalatina.com.br\/barretos\/?lang=es\/#organization"},"potentialAction":[{"@type":"SearchAction","target":{"@type":"EntryPoint","urlTemplate":"https:\/\/www.ircadamericalatina.com.br\/barretos\/?lang=es\/?s={search_term_string}"},"query-input":"required name=search_term_string"}],"inLanguage":"pt-BR"},{"@type":"Organization","@id":"https:\/\/www.ircadamericalatina.com.br\/barretos\/?lang=es\/#organization","name":"IRCAD Am\u00e9rica Latina - Unidade Barretos","url":"https:\/\/www.ircadamericalatina.com.br\/barretos\/?lang=es\/","logo":{"@type":"ImageObject","inLanguage":"pt-BR","@id":"https:\/\/www.ircadamericalatina.com.br\/barretos\/?lang=es\/#\/schema\/logo\/image\/","url":"https:\/\/www.ircadamericalatina.com.br\/barretos\/wp-content\/uploads\/2022\/04\/image-4.png","contentUrl":"https:\/\/www.ircadamericalatina.com.br\/barretos\/wp-content\/uploads\/2022\/04\/image-4.png","width":1280,"height":567,"caption":"IRCAD Am\u00e9rica Latina - Unidade Barretos"},"image":{"@id":"https:\/\/www.ircadamericalatina.com.br\/barretos\/?lang=es\/#\/schema\/logo\/image\/"}}]}},"_links":{"self":[{"href":"https:\/\/www.ircadamericalatina.com.br\/barretos\/wp-json\/wp\/v2\/pages\/442","targetHints":{"allow":["GET"]}}],"collection":[{"href":"https:\/\/www.ircadamericalatina.com.br\/barretos\/wp-json\/wp\/v2\/pages"}],"about":[{"href":"https:\/\/www.ircadamericalatina.com.br\/barretos\/wp-json\/wp\/v2\/types\/page"}],"author":[{"embeddable":true,"href":"https:\/\/www.ircadamericalatina.com.br\/barretos\/wp-json\/wp\/v2\/users\/1"}],"replies":[{"embeddable":true,"href":"https:\/\/www.ircadamericalatina.com.br\/barretos\/wp-json\/wp\/v2\/comments?post=442"}],"version-history":[{"count":5,"href":"https:\/\/www.ircadamericalatina.com.br\/barretos\/wp-json\/wp\/v2\/pages\/442\/revisions"}],"predecessor-version":[{"id":4099,"href":"https:\/\/www.ircadamericalatina.com.br\/barretos\/wp-json\/wp\/v2\/pages\/442\/revisions\/4099"}],"wp:attachment":[{"href":"https:\/\/www.ircadamericalatina.com.br\/barretos\/wp-json\/wp\/v2\/media?parent=442"}],"curies":[{"name":"wp","href":"https:\/\/api.w.org\/{rel}","templated":true}]}}