{"id":401,"date":"2020-12-23T17:50:49","date_gmt":"2020-12-23T20:50:49","guid":{"rendered":"https:\/\/www.ircadamericalatina.com.br\/barretos\/?page_id=401"},"modified":"2020-12-24T11:45:29","modified_gmt":"2020-12-24T14:45:29","slug":"o-ircad","status":"publish","type":"page","link":"https:\/\/www.ircadamericalatina.com.br\/barretos\/o-ircad\/","title":{"rendered":"O Ircad"},"content":{"rendered":"\n<h2>\n\t\tIRCAD FRAN\u00c7A:<br \/>ONDE TUDO COME\u00c7OU\n\t<\/h2>\n\t<p>Em 1994, o franc\u00eas, m\u00e9dico e professor, Jacques Marescaux fundou a primeira unidade do IRCAD. Ele buscava, de forma inovadora, alinhar as t\u00e9cnicas cir\u00fargicas da \u00e9poca \u00e0 tecnologia, cada vez mais difundida por diversos setores. A ideia foi colocada em pr\u00e1tica e um centro de treinamento e pesquisas m\u00e9dicas criado, inicialmente na University Hospital of Strasbourg.<\/p>\n<h2>\n\t\tO IRCAD GANHA<br \/>O MUNDO\n\t<\/h2>\n\t<p>A marca IRCAD se tornou refer\u00eancia e, em 2008, expandiu suas atividades para a \u00c1sia, com a inaugura\u00e7\u00e3o de uma unidade em Taiwan. Posteriormente, em 2011, a unidade no Brasil foi constru\u00edda, gra\u00e7as aos esfor\u00e7os conjuntos do presidente do Hospital de C\u00e2ncer de Barretos, Henrique Prata, e do diretor cient\u00edfico do IRCAD, Armando Melani.<\/p>\n<h2>\n\t\tIRCAD AM\u00c9RICA LATINA:<br \/> A MAIOR ESTRUTURA DO CONTINENTE\n\t<\/h2>\n\t<p>A grandiosa estrutura do Instituto brasileiro est\u00e1 localizada em Barretos (SP), cidade pr\u00f3xima a diversos aeroportos e pronta para receber profissionais de todo o mundo. At\u00e9 2016, O IRCAD Am\u00e9rica Latina ultrapassou o n\u00famero de 12 mil alunos treinados e possui 97% de aprova\u00e7\u00e3o em seus cursos. Este reconhecimento \u00e9 decorrente da uni\u00e3o de tecnologias de ponta e t\u00e9cnicas inovadoras.<\/p>\n<p>A unidade foi resultado de uma parceria com a Funda\u00e7\u00e3o Pio XII, respons\u00e1vel pelo Hospital de C\u00e2ncer, que tamb\u00e9m \u00e9 o maior Centro de tratamento e preven\u00e7\u00e3o ao c\u00e2ncer do continente. O IRCAD ainda possui parcerias com ind\u00fastrias reconhecidas mundialmente, como Medtronic e KarlStorz, tornando-se a maior refer\u00eancia em infraestrutura para a especializa\u00e7\u00e3o m\u00e9dica de todos os pa\u00edses latinos.<\/p>\n<h2>\n\t\tCADA VEZ MAIS<br \/>LATINO-AMERICANO\n\t<\/h2>\n\t<p>Em uma irmandade estabelecida com o UnitedHealth Group, o Ircad Am\u00e9rica Latina conta com outro centro de treinamento no Brasil, localizado no Americas Medical City, no Rio de Janeiro (RJ). A unidade funciona em conjunto com a sede em Barretos (SP), de maneira a complementar a grade de cursos e aumentar as especialidade dos treinamentos oferecidos, especializando cada vez mais cirurgi\u00f5es no mundo todo.<\/p>\n<h2>\n\t\tDIRETORIA\n\t<\/h2>\n\t\t\t\t<img loading=\"lazy\" decoding=\"async\" src=\"https:\/\/www.ircadamericalatina.com.br\/barretos\/wp-content\/uploads\/2020\/12\/jacques-marescaux.jpg\" alt=\"jacques-marescaux\" itemprop=\"image\" height=\"700\" width=\"700\" title=\"jacques-marescaux\" onerror=\"this.style.display='none'\"  \/>\n<h3>\n\t\tJaques Marescaux\n\t<\/h3>\n<h3>\n\t\tPresidente\n\t<\/h3>\n\t\t\t\t<img loading=\"lazy\" decoding=\"async\" src=\"https:\/\/www.ircadamericalatina.com.br\/barretos\/wp-content\/uploads\/2020\/12\/armando-melani.jpg\" alt=\"armando-melani\" itemprop=\"image\" height=\"700\" width=\"700\" title=\"armando-melani\" onerror=\"this.style.display='none'\"  \/>\n<h3>\n\t\tArmando Melani\n\t<\/h3>\n<h3>\n\t\tDiretor Cient\u00edfico\n\t<\/h3>\n<h2>\n\t\tBarretos\n\t<\/h2>\n\t\t\t\t<img loading=\"lazy\" decoding=\"async\" src=\"https:\/\/www.ircadamericalatina.com.br\/barretos\/wp-content\/uploads\/2020\/12\/henrique-prata.jpg\" alt=\"henrique-prata\" itemprop=\"image\" height=\"700\" width=\"700\" title=\"henrique-prata\" onerror=\"this.style.display='none'\"  \/>\n<h3>\n\t\tHenrique Duarte Prata\n\t<\/h3>\n<h3>\n\t\tPresidente do Hospital<br \/>de Amor de Barretos\n\t<\/h3>\n\t\t\t\t<img loading=\"lazy\" decoding=\"async\" src=\"https:\/\/www.ircadamericalatina.com.br\/barretos\/wp-content\/uploads\/2020\/12\/luis-gustavoc-romagnolo.jpeg\" alt=\"luis-gustavoc-romagnolo\" itemprop=\"image\" height=\"700\" width=\"700\" title=\"luis-gustavoc-romagnolo\" onerror=\"this.style.display='none'\"  \/>\n<h3>\n\t\tLuis Gustavo C. Romagnolo\n\t<\/h3>\n<h3>\n\t\tCoordenador Cient\u00edfico\n\t<\/h3>\n<h2>\n\t\tRio de Janeiro\n\t<\/h2>\n\t\t\t\t<img loading=\"lazy\" decoding=\"async\" src=\"https:\/\/www.ircadamericalatina.com.br\/barretos\/wp-content\/uploads\/2020\/12\/dr-paulo.jpg\" alt=\"dr-paulo\" itemprop=\"image\" height=\"700\" width=\"700\" title=\"dr-paulo\" onerror=\"this.style.display='none'\"  \/>\n<h3>\n\t\tDr. Paulo C\u00e9sar Silva Pereira De Souza\n\t<\/h3>\n<h3>\n\t\tDiretor de Ensino e Pesquisa\n\t<\/h3>\n\n","protected":false},"excerpt":{"rendered":"<p>IRCAD FRAN\u00c7A:ONDE TUDO COME\u00c7OU Em 1994, o franc\u00eas, m\u00e9dico e professor, Jacques Marescaux fundou a primeira unidade do IRCAD. Ele buscava, de forma inovadora, alinhar as t\u00e9cnicas cir\u00fargicas da \u00e9poca \u00e0 tecnologia, cada vez mais difundida por diversos setores. A ideia foi colocada em pr\u00e1tica e um centro de treinamento e pesquisas m\u00e9dicas criado, inicialmente&hellip;<\/p>\n","protected":false},"author":1,"featured_media":0,"parent":0,"menu_order":0,"comment_status":"closed","ping_status":"closed","template":"","meta":{"footnotes":""},"class_list":["post-401","page","type-page","status-publish","hentry"],"acf":[],"yoast_head":"<!-- This site is optimized with the Yoast SEO plugin v21.5 - https:\/\/yoast.com\/wordpress\/plugins\/seo\/ -->\n<title>O Ircad - IRCAD Am\u00e9rica Latina - Unidade Barretos<\/title>\n<meta name=\"robots\" content=\"index, follow, max-snippet:-1, max-image-preview:large, max-video-preview:-1\" \/>\n<link rel=\"canonical\" href=\"https:\/\/www.ircadamericalatina.com.br\/barretos\/o-ircad\/\" \/>\n<meta property=\"og:locale\" content=\"pt_BR\" \/>\n<meta property=\"og:type\" content=\"article\" \/>\n<meta property=\"og:title\" content=\"O Ircad - IRCAD Am\u00e9rica Latina - Unidade Barretos\" \/>\n<meta property=\"og:description\" content=\"IRCAD FRAN\u00c7A:ONDE TUDO COME\u00c7OU Em 1994, o franc\u00eas, m\u00e9dico e professor, Jacques Marescaux fundou a primeira unidade do IRCAD. Ele buscava, de forma inovadora, alinhar as t\u00e9cnicas cir\u00fargicas da \u00e9poca \u00e0 tecnologia, cada vez mais difundida por diversos setores. A ideia foi colocada em pr\u00e1tica e um centro de treinamento e pesquisas m\u00e9dicas criado, inicialmente&hellip;\" \/>\n<meta property=\"og:url\" content=\"https:\/\/www.ircadamericalatina.com.br\/barretos\/o-ircad\/\" \/>\n<meta property=\"og:site_name\" content=\"IRCAD Am\u00e9rica Latina - Unidade Barretos\" \/>\n<meta property=\"article:modified_time\" content=\"2020-12-24T14:45:29+00:00\" \/>\n<meta property=\"og:image\" content=\"https:\/\/www.ircadamericalatina.com.br\/barretos\/wp-content\/uploads\/2020\/12\/jacques-marescaux.jpg\" \/>\n<meta name=\"twitter:card\" content=\"summary_large_image\" \/>\n<meta name=\"twitter:label1\" content=\"Est. tempo de leitura\" \/>\n\t<meta name=\"twitter:data1\" content=\"2 minutos\" \/>\n<script type=\"application\/ld+json\" class=\"yoast-schema-graph\">{\"@context\":\"https:\/\/schema.org\",\"@graph\":[{\"@type\":\"WebPage\",\"@id\":\"https:\/\/www.ircadamericalatina.com.br\/barretos\/o-ircad\/\",\"url\":\"https:\/\/www.ircadamericalatina.com.br\/barretos\/o-ircad\/\",\"name\":\"O Ircad - IRCAD Am\u00e9rica Latina - Unidade Barretos\",\"isPartOf\":{\"@id\":\"https:\/\/www.ircadamericalatina.com.br\/barretos\/?lang=es\/#website\"},\"datePublished\":\"2020-12-23T20:50:49+00:00\",\"dateModified\":\"2020-12-24T14:45:29+00:00\",\"breadcrumb\":{\"@id\":\"https:\/\/www.ircadamericalatina.com.br\/barretos\/o-ircad\/#breadcrumb\"},\"inLanguage\":\"pt-BR\",\"potentialAction\":[{\"@type\":\"ReadAction\",\"target\":[\"https:\/\/www.ircadamericalatina.com.br\/barretos\/o-ircad\/\"]}]},{\"@type\":\"BreadcrumbList\",\"@id\":\"https:\/\/www.ircadamericalatina.com.br\/barretos\/o-ircad\/#breadcrumb\",\"itemListElement\":[{\"@type\":\"ListItem\",\"position\":1,\"name\":\"In\u00edcio\",\"item\":\"https:\/\/www.ircadamericalatina.com.br\/barretos\/\"},{\"@type\":\"ListItem\",\"position\":2,\"name\":\"O Ircad\"}]},{\"@type\":\"WebSite\",\"@id\":\"https:\/\/www.ircadamericalatina.com.br\/barretos\/?lang=es\/#website\",\"url\":\"https:\/\/www.ircadamericalatina.com.br\/barretos\/?lang=es\/\",\"name\":\"IRCAD Am\u00e9rica Latina - Unidade Barretos\",\"description\":\"\",\"publisher\":{\"@id\":\"https:\/\/www.ircadamericalatina.com.br\/barretos\/?lang=es\/#organization\"},\"potentialAction\":[{\"@type\":\"SearchAction\",\"target\":{\"@type\":\"EntryPoint\",\"urlTemplate\":\"https:\/\/www.ircadamericalatina.com.br\/barretos\/?lang=es\/?s={search_term_string}\"},\"query-input\":\"required name=search_term_string\"}],\"inLanguage\":\"pt-BR\"},{\"@type\":\"Organization\",\"@id\":\"https:\/\/www.ircadamericalatina.com.br\/barretos\/?lang=es\/#organization\",\"name\":\"IRCAD Am\u00e9rica Latina - Unidade Barretos\",\"url\":\"https:\/\/www.ircadamericalatina.com.br\/barretos\/?lang=es\/\",\"logo\":{\"@type\":\"ImageObject\",\"inLanguage\":\"pt-BR\",\"@id\":\"https:\/\/www.ircadamericalatina.com.br\/barretos\/?lang=es\/#\/schema\/logo\/image\/\",\"url\":\"https:\/\/www.ircadamericalatina.com.br\/barretos\/wp-content\/uploads\/2022\/04\/image-4.png\",\"contentUrl\":\"https:\/\/www.ircadamericalatina.com.br\/barretos\/wp-content\/uploads\/2022\/04\/image-4.png\",\"width\":1280,\"height\":567,\"caption\":\"IRCAD Am\u00e9rica Latina - Unidade Barretos\"},\"image\":{\"@id\":\"https:\/\/www.ircadamericalatina.com.br\/barretos\/?lang=es\/#\/schema\/logo\/image\/\"}}]}<\/script>\n<!-- \/ Yoast SEO plugin. -->","yoast_head_json":{"title":"O Ircad - IRCAD Am\u00e9rica Latina - Unidade Barretos","robots":{"index":"index","follow":"follow","max-snippet":"max-snippet:-1","max-image-preview":"max-image-preview:large","max-video-preview":"max-video-preview:-1"},"canonical":"https:\/\/www.ircadamericalatina.com.br\/barretos\/o-ircad\/","og_locale":"pt_BR","og_type":"article","og_title":"O Ircad - IRCAD Am\u00e9rica Latina - Unidade Barretos","og_description":"IRCAD FRAN\u00c7A:ONDE TUDO COME\u00c7OU Em 1994, o franc\u00eas, m\u00e9dico e professor, Jacques Marescaux fundou a primeira unidade do IRCAD. Ele buscava, de forma inovadora, alinhar as t\u00e9cnicas cir\u00fargicas da \u00e9poca \u00e0 tecnologia, cada vez mais difundida por diversos setores. A ideia foi colocada em pr\u00e1tica e um centro de treinamento e pesquisas m\u00e9dicas criado, inicialmente&hellip;","og_url":"https:\/\/www.ircadamericalatina.com.br\/barretos\/o-ircad\/","og_site_name":"IRCAD Am\u00e9rica Latina - Unidade Barretos","article_modified_time":"2020-12-24T14:45:29+00:00","og_image":[{"url":"https:\/\/www.ircadamericalatina.com.br\/barretos\/wp-content\/uploads\/2020\/12\/jacques-marescaux.jpg"}],"twitter_card":"summary_large_image","twitter_misc":{"Est. tempo de leitura":"2 minutos"},"schema":{"@context":"https:\/\/schema.org","@graph":[{"@type":"WebPage","@id":"https:\/\/www.ircadamericalatina.com.br\/barretos\/o-ircad\/","url":"https:\/\/www.ircadamericalatina.com.br\/barretos\/o-ircad\/","name":"O Ircad - IRCAD Am\u00e9rica Latina - Unidade Barretos","isPartOf":{"@id":"https:\/\/www.ircadamericalatina.com.br\/barretos\/?lang=es\/#website"},"datePublished":"2020-12-23T20:50:49+00:00","dateModified":"2020-12-24T14:45:29+00:00","breadcrumb":{"@id":"https:\/\/www.ircadamericalatina.com.br\/barretos\/o-ircad\/#breadcrumb"},"inLanguage":"pt-BR","potentialAction":[{"@type":"ReadAction","target":["https:\/\/www.ircadamericalatina.com.br\/barretos\/o-ircad\/"]}]},{"@type":"BreadcrumbList","@id":"https:\/\/www.ircadamericalatina.com.br\/barretos\/o-ircad\/#breadcrumb","itemListElement":[{"@type":"ListItem","position":1,"name":"In\u00edcio","item":"https:\/\/www.ircadamericalatina.com.br\/barretos\/"},{"@type":"ListItem","position":2,"name":"O Ircad"}]},{"@type":"WebSite","@id":"https:\/\/www.ircadamericalatina.com.br\/barretos\/?lang=es\/#website","url":"https:\/\/www.ircadamericalatina.com.br\/barretos\/?lang=es\/","name":"IRCAD Am\u00e9rica Latina - Unidade Barretos","description":"","publisher":{"@id":"https:\/\/www.ircadamericalatina.com.br\/barretos\/?lang=es\/#organization"},"potentialAction":[{"@type":"SearchAction","target":{"@type":"EntryPoint","urlTemplate":"https:\/\/www.ircadamericalatina.com.br\/barretos\/?lang=es\/?s={search_term_string}"},"query-input":"required name=search_term_string"}],"inLanguage":"pt-BR"},{"@type":"Organization","@id":"https:\/\/www.ircadamericalatina.com.br\/barretos\/?lang=es\/#organization","name":"IRCAD Am\u00e9rica Latina - Unidade Barretos","url":"https:\/\/www.ircadamericalatina.com.br\/barretos\/?lang=es\/","logo":{"@type":"ImageObject","inLanguage":"pt-BR","@id":"https:\/\/www.ircadamericalatina.com.br\/barretos\/?lang=es\/#\/schema\/logo\/image\/","url":"https:\/\/www.ircadamericalatina.com.br\/barretos\/wp-content\/uploads\/2022\/04\/image-4.png","contentUrl":"https:\/\/www.ircadamericalatina.com.br\/barretos\/wp-content\/uploads\/2022\/04\/image-4.png","width":1280,"height":567,"caption":"IRCAD Am\u00e9rica Latina - Unidade Barretos"},"image":{"@id":"https:\/\/www.ircadamericalatina.com.br\/barretos\/?lang=es\/#\/schema\/logo\/image\/"}}]}},"_links":{"self":[{"href":"https:\/\/www.ircadamericalatina.com.br\/barretos\/wp-json\/wp\/v2\/pages\/401","targetHints":{"allow":["GET"]}}],"collection":[{"href":"https:\/\/www.ircadamericalatina.com.br\/barretos\/wp-json\/wp\/v2\/pages"}],"about":[{"href":"https:\/\/www.ircadamericalatina.com.br\/barretos\/wp-json\/wp\/v2\/types\/page"}],"author":[{"embeddable":true,"href":"https:\/\/www.ircadamericalatina.com.br\/barretos\/wp-json\/wp\/v2\/users\/1"}],"replies":[{"embeddable":true,"href":"https:\/\/www.ircadamericalatina.com.br\/barretos\/wp-json\/wp\/v2\/comments?post=401"}],"version-history":[{"count":13,"href":"https:\/\/www.ircadamericalatina.com.br\/barretos\/wp-json\/wp\/v2\/pages\/401\/revisions"}],"predecessor-version":[{"id":429,"href":"https:\/\/www.ircadamericalatina.com.br\/barretos\/wp-json\/wp\/v2\/pages\/401\/revisions\/429"}],"wp:attachment":[{"href":"https:\/\/www.ircadamericalatina.com.br\/barretos\/wp-json\/wp\/v2\/media?parent=401"}],"curies":[{"name":"wp","href":"https:\/\/api.w.org\/{rel}","templated":true}]}}